{"id":47,"date":"2024-09-08T21:55:01","date_gmt":"2024-09-08T21:55:01","guid":{"rendered":"https:\/\/www.abrasan.com.tr\/?page_id=47"},"modified":"2025-08-11T11:09:29","modified_gmt":"2025-08-11T11:09:29","slug":"urunler","status":"publish","type":"page","link":"https:\/\/www.abrasan.com.tr\/index.php\/urunler\/","title":{"rendered":"\u00dcR\u00dcNLER\u0130M\u0130Z"},"content":{"rendered":"\n<h1 class=\"wp-block-heading\">KES\u0130C\u0130 TA\u015eLAR<\/h1>\n\n\n\n<div class=\"wp-block-group is-content-justification-center is-nowrap is-layout-flex wp-container-core-group-is-layout-94bc23d7 wp-block-group-is-layout-flex\">\n<figure class=\"wp-block-gallery has-nested-images columns-default is-cropped wp-block-gallery-1 is-layout-flex wp-block-gallery-is-layout-flex\">\n<figure class=\"wp-block-image size-large\"><img loading=\"lazy\" decoding=\"async\" width=\"1024\" height=\"1024\" data-id=\"104\" src=\"https:\/\/www.abrasan.com.tr\/wp-content\/uploads\/2024\/11\/inox-metal-kesme-115x1-YENI-4-1024x1024.jpg\" alt=\"\" class=\"wp-image-104\" srcset=\"https:\/\/www.abrasan.com.tr\/wp-content\/uploads\/2024\/11\/inox-metal-kesme-115x1-YENI-4-1024x1024.jpg 1024w, https:\/\/www.abrasan.com.tr\/wp-content\/uploads\/2024\/11\/inox-metal-kesme-115x1-YENI-4-300x300.jpg 300w, https:\/\/www.abrasan.com.tr\/wp-content\/uploads\/2024\/11\/inox-metal-kesme-115x1-YENI-4-150x150.jpg 150w, https:\/\/www.abrasan.com.tr\/wp-content\/uploads\/2024\/11\/inox-metal-kesme-115x1-YENI-4-768x768.jpg 768w, https:\/\/www.abrasan.com.tr\/wp-content\/uploads\/2024\/11\/inox-metal-kesme-115x1-YENI-4-1536x1536.jpg 1536w, https:\/\/www.abrasan.com.tr\/wp-content\/uploads\/2024\/11\/inox-metal-kesme-115x1-YENI-4-2048x2048.jpg 2048w\" sizes=\"auto, (max-width: 1024px) 100vw, 1024px\" \/><figcaption class=\"wp-element-caption\">115X1.0 BERING<\/figcaption><\/figure>\n\n\n\n<figure class=\"wp-block-image size-large\"><img loading=\"lazy\" decoding=\"async\" width=\"1024\" height=\"1021\" data-id=\"102\" src=\"https:\/\/www.abrasan.com.tr\/wp-content\/uploads\/2024\/11\/metal-kesme-180x25-1-1024x1021.jpg\" alt=\"\" class=\"wp-image-102\" srcset=\"https:\/\/www.abrasan.com.tr\/wp-content\/uploads\/2024\/11\/metal-kesme-180x25-1-1024x1021.jpg 1024w, https:\/\/www.abrasan.com.tr\/wp-content\/uploads\/2024\/11\/metal-kesme-180x25-1-300x300.jpg 300w, https:\/\/www.abrasan.com.tr\/wp-content\/uploads\/2024\/11\/metal-kesme-180x25-1-150x150.jpg 150w, https:\/\/www.abrasan.com.tr\/wp-content\/uploads\/2024\/11\/metal-kesme-180x25-1-768x766.jpg 768w, https:\/\/www.abrasan.com.tr\/wp-content\/uploads\/2024\/11\/metal-kesme-180x25-1-1536x1532.jpg 1536w, https:\/\/www.abrasan.com.tr\/wp-content\/uploads\/2024\/11\/metal-kesme-180x25-1.jpg 1919w\" sizes=\"auto, (max-width: 1024px) 100vw, 1024px\" \/><figcaption class=\"wp-element-caption\">180X2.5 BERING<\/figcaption><\/figure>\n\n\n\n<figure class=\"wp-block-image size-large\"><img loading=\"lazy\" decoding=\"async\" width=\"1024\" height=\"1024\" data-id=\"101\" src=\"https:\/\/www.abrasan.com.tr\/wp-content\/uploads\/2024\/11\/230x3-1-1024x1024.jpg\" alt=\"\" class=\"wp-image-101\" srcset=\"https:\/\/www.abrasan.com.tr\/wp-content\/uploads\/2024\/11\/230x3-1-1024x1024.jpg 1024w, https:\/\/www.abrasan.com.tr\/wp-content\/uploads\/2024\/11\/230x3-1-300x300.jpg 300w, https:\/\/www.abrasan.com.tr\/wp-content\/uploads\/2024\/11\/230x3-1-150x150.jpg 150w, https:\/\/www.abrasan.com.tr\/wp-content\/uploads\/2024\/11\/230x3-1-768x768.jpg 768w, https:\/\/www.abrasan.com.tr\/wp-content\/uploads\/2024\/11\/230x3-1-1536x1536.jpg 1536w, https:\/\/www.abrasan.com.tr\/wp-content\/uploads\/2024\/11\/230x3-1.jpg 1798w\" sizes=\"auto, (max-width: 1024px) 100vw, 1024px\" \/><figcaption class=\"wp-element-caption\">230X3.0 BERING<\/figcaption><\/figure>\n<\/figure>\n<\/div>\n\n\n\n<h2 class=\"wp-block-heading\">TA\u015eLAMA TA\u015eLARI<\/h2>\n\n\n\n<figure class=\"wp-block-image size-large is-resized\"><img loading=\"lazy\" decoding=\"async\" width=\"1024\" height=\"1024\" src=\"https:\/\/www.abrasan.com.tr\/wp-content\/uploads\/2024\/11\/dokum-mermer-taslama-180x6-1-1024x1024.jpg\" alt=\"\" class=\"wp-image-113\" style=\"width:248px;height:auto\" srcset=\"https:\/\/www.abrasan.com.tr\/wp-content\/uploads\/2024\/11\/dokum-mermer-taslama-180x6-1-1024x1024.jpg 1024w, https:\/\/www.abrasan.com.tr\/wp-content\/uploads\/2024\/11\/dokum-mermer-taslama-180x6-1-300x300.jpg 300w, https:\/\/www.abrasan.com.tr\/wp-content\/uploads\/2024\/11\/dokum-mermer-taslama-180x6-1-150x150.jpg 150w, https:\/\/www.abrasan.com.tr\/wp-content\/uploads\/2024\/11\/dokum-mermer-taslama-180x6-1-768x768.jpg 768w, https:\/\/www.abrasan.com.tr\/wp-content\/uploads\/2024\/11\/dokum-mermer-taslama-180x6-1-1536x1536.jpg 1536w, https:\/\/www.abrasan.com.tr\/wp-content\/uploads\/2024\/11\/dokum-mermer-taslama-180x6-1.jpg 1800w\" sizes=\"auto, (max-width: 1024px) 100vw, 1024px\" \/><\/figure>\n\n\n\n<h2 class=\"wp-block-heading\">FLAP D\u0130SKLER<\/h2>\n\n\n\n<figure class=\"wp-block-gallery has-nested-images columns-default is-cropped wp-block-gallery-2 is-layout-flex wp-block-gallery-is-layout-flex\">\n<figure class=\"wp-block-image size-large\"><img loading=\"lazy\" decoding=\"async\" width=\"1024\" height=\"1024\" data-id=\"107\" src=\"https:\/\/www.abrasan.com.tr\/wp-content\/uploads\/2024\/11\/bering-flaplar-Q5ZR-1024x1024.jpg\" alt=\"\" class=\"wp-image-107\" srcset=\"https:\/\/www.abrasan.com.tr\/wp-content\/uploads\/2024\/11\/bering-flaplar-Q5ZR-1024x1024.jpg 1024w, https:\/\/www.abrasan.com.tr\/wp-content\/uploads\/2024\/11\/bering-flaplar-Q5ZR-300x300.jpg 300w, https:\/\/www.abrasan.com.tr\/wp-content\/uploads\/2024\/11\/bering-flaplar-Q5ZR-150x150.jpg 150w, https:\/\/www.abrasan.com.tr\/wp-content\/uploads\/2024\/11\/bering-flaplar-Q5ZR-768x768.jpg 768w, https:\/\/www.abrasan.com.tr\/wp-content\/uploads\/2024\/11\/bering-flaplar-Q5ZR.jpg 1358w\" sizes=\"auto, (max-width: 1024px) 100vw, 1024px\" \/><\/figure>\n\n\n\n<figure class=\"wp-block-image size-large\"><img loading=\"lazy\" decoding=\"async\" width=\"1024\" height=\"1024\" data-id=\"109\" src=\"https:\/\/www.abrasan.com.tr\/wp-content\/uploads\/2024\/11\/bering-flaplar-Q7AO-1024x1024.jpg\" alt=\"\" class=\"wp-image-109\" srcset=\"https:\/\/www.abrasan.com.tr\/wp-content\/uploads\/2024\/11\/bering-flaplar-Q7AO-1024x1024.jpg 1024w, https:\/\/www.abrasan.com.tr\/wp-content\/uploads\/2024\/11\/bering-flaplar-Q7AO-300x300.jpg 300w, https:\/\/www.abrasan.com.tr\/wp-content\/uploads\/2024\/11\/bering-flaplar-Q7AO-150x150.jpg 150w, https:\/\/www.abrasan.com.tr\/wp-content\/uploads\/2024\/11\/bering-flaplar-Q7AO-768x768.jpg 768w, https:\/\/www.abrasan.com.tr\/wp-content\/uploads\/2024\/11\/bering-flaplar-Q7AO.jpg 1358w\" sizes=\"auto, (max-width: 1024px) 100vw, 1024px\" \/><\/figure>\n\n\n\n<figure class=\"wp-block-image size-large\"><img loading=\"lazy\" decoding=\"async\" width=\"1024\" height=\"1024\" data-id=\"108\" src=\"https:\/\/www.abrasan.com.tr\/wp-content\/uploads\/2024\/11\/bering-flaplar-Q7CR-1024x1024.jpg\" alt=\"\" class=\"wp-image-108\" srcset=\"https:\/\/www.abrasan.com.tr\/wp-content\/uploads\/2024\/11\/bering-flaplar-Q7CR-1024x1024.jpg 1024w, https:\/\/www.abrasan.com.tr\/wp-content\/uploads\/2024\/11\/bering-flaplar-Q7CR-300x300.jpg 300w, https:\/\/www.abrasan.com.tr\/wp-content\/uploads\/2024\/11\/bering-flaplar-Q7CR-150x150.jpg 150w, https:\/\/www.abrasan.com.tr\/wp-content\/uploads\/2024\/11\/bering-flaplar-Q7CR-768x768.jpg 768w, https:\/\/www.abrasan.com.tr\/wp-content\/uploads\/2024\/11\/bering-flaplar-Q7CR.jpg 1358w\" sizes=\"auto, (max-width: 1024px) 100vw, 1024px\" \/><\/figure>\n<\/figure>\n","protected":false},"excerpt":{"rendered":"<p>KES\u0130C\u0130 TA\u015eLAR TA\u015eLAMA TA\u015eLARI FLAP D\u0130SKLER<\/p>\n","protected":false},"author":1,"featured_media":0,"parent":0,"menu_order":0,"comment_status":"closed","ping_status":"closed","template":"","meta":{"footnotes":""},"class_list":["post-47","page","type-page","status-publish","hentry"],"yoast_head":"<!-- This site is optimized with the Yoast SEO plugin v25.6 - https:\/\/yoast.com\/wordpress\/plugins\/seo\/ -->\n<title>\u00dcR\u00dcNLER\u0130M\u0130Z - Abrasan<\/title>\n<meta name=\"robots\" content=\"index, follow, max-snippet:-1, max-image-preview:large, max-video-preview:-1\" \/>\n<link rel=\"canonical\" href=\"https:\/\/www.abrasan.com.tr\/index.php\/urunler\/\" \/>\n<meta property=\"og:locale\" content=\"tr_TR\" \/>\n<meta property=\"og:type\" content=\"article\" \/>\n<meta property=\"og:title\" content=\"\u00dcR\u00dcNLER\u0130M\u0130Z - Abrasan\" \/>\n<meta property=\"og:description\" content=\"KES\u0130C\u0130 TA\u015eLAR TA\u015eLAMA TA\u015eLARI FLAP D\u0130SKLER\" \/>\n<meta property=\"og:url\" content=\"https:\/\/www.abrasan.com.tr\/index.php\/urunler\/\" \/>\n<meta property=\"og:site_name\" content=\"Abrasan\" \/>\n<meta property=\"article:modified_time\" content=\"2025-08-11T11:09:29+00:00\" \/>\n<meta property=\"og:image\" content=\"https:\/\/www.abrasan.com.tr\/wp-content\/uploads\/2024\/11\/inox-metal-kesme-115x1-YENI-4-1024x1024.jpg\" \/>\n\t<meta property=\"og:image:width\" content=\"1024\" \/>\n\t<meta property=\"og:image:height\" content=\"1024\" \/>\n\t<meta property=\"og:image:type\" content=\"image\/jpeg\" \/>\n<meta name=\"twitter:card\" content=\"summary_large_image\" \/>\n<meta name=\"twitter:label1\" content=\"Tahmini okuma s\u00fcresi\" \/>\n\t<meta name=\"twitter:data1\" content=\"2 dakika\" \/>\n<script type=\"application\/ld+json\" class=\"yoast-schema-graph\">{\"@context\":\"https:\/\/schema.org\",\"@graph\":[{\"@type\":\"WebPage\",\"@id\":\"https:\/\/www.abrasan.com.tr\/index.php\/urunler\/\",\"url\":\"https:\/\/www.abrasan.com.tr\/index.php\/urunler\/\",\"name\":\"\u00dcR\u00dcNLER\u0130M\u0130Z - Abrasan\",\"isPartOf\":{\"@id\":\"https:\/\/www.abrasan.com.tr\/#website\"},\"primaryImageOfPage\":{\"@id\":\"https:\/\/www.abrasan.com.tr\/index.php\/urunler\/#primaryimage\"},\"image\":{\"@id\":\"https:\/\/www.abrasan.com.tr\/index.php\/urunler\/#primaryimage\"},\"thumbnailUrl\":\"https:\/\/www.abrasan.com.tr\/wp-content\/uploads\/2024\/11\/inox-metal-kesme-115x1-YENI-4-1024x1024.jpg\",\"datePublished\":\"2024-09-08T21:55:01+00:00\",\"dateModified\":\"2025-08-11T11:09:29+00:00\",\"breadcrumb\":{\"@id\":\"https:\/\/www.abrasan.com.tr\/index.php\/urunler\/#breadcrumb\"},\"inLanguage\":\"tr\",\"potentialAction\":[{\"@type\":\"ReadAction\",\"target\":[\"https:\/\/www.abrasan.com.tr\/index.php\/urunler\/\"]}]},{\"@type\":\"ImageObject\",\"inLanguage\":\"tr\",\"@id\":\"https:\/\/www.abrasan.com.tr\/index.php\/urunler\/#primaryimage\",\"url\":\"https:\/\/www.abrasan.com.tr\/wp-content\/uploads\/2024\/11\/inox-metal-kesme-115x1-YENI-4-scaled.jpg\",\"contentUrl\":\"https:\/\/www.abrasan.com.tr\/wp-content\/uploads\/2024\/11\/inox-metal-kesme-115x1-YENI-4-scaled.jpg\",\"width\":2560,\"height\":2560,\"caption\":\"115x1.0 Bering\"},{\"@type\":\"BreadcrumbList\",\"@id\":\"https:\/\/www.abrasan.com.tr\/index.php\/urunler\/#breadcrumb\",\"itemListElement\":[{\"@type\":\"ListItem\",\"position\":1,\"name\":\"Anasayfa\",\"item\":\"https:\/\/www.abrasan.com.tr\/\"},{\"@type\":\"ListItem\",\"position\":2,\"name\":\"\u00dcR\u00dcNLER\u0130M\u0130Z\"}]},{\"@type\":\"WebSite\",\"@id\":\"https:\/\/www.abrasan.com.tr\/#website\",\"url\":\"https:\/\/www.abrasan.com.tr\/\",\"name\":\"Abrasan\",\"description\":\"Abrasive Tools\",\"publisher\":{\"@id\":\"https:\/\/www.abrasan.com.tr\/#organization\"},\"potentialAction\":[{\"@type\":\"SearchAction\",\"target\":{\"@type\":\"EntryPoint\",\"urlTemplate\":\"https:\/\/www.abrasan.com.tr\/?s={search_term_string}\"},\"query-input\":{\"@type\":\"PropertyValueSpecification\",\"valueRequired\":true,\"valueName\":\"search_term_string\"}}],\"inLanguage\":\"tr\"},{\"@type\":\"Organization\",\"@id\":\"https:\/\/www.abrasan.com.tr\/#organization\",\"name\":\"Abrasan A.\u015e.\",\"url\":\"https:\/\/www.abrasan.com.tr\/\",\"logo\":{\"@type\":\"ImageObject\",\"inLanguage\":\"tr\",\"@id\":\"https:\/\/www.abrasan.com.tr\/#\/schema\/logo\/image\/\",\"url\":\"https:\/\/www.abrasan.com.tr\/wp-content\/uploads\/2024\/08\/Abrasan-Logo2_dar_preview_rev_1.png\",\"contentUrl\":\"https:\/\/www.abrasan.com.tr\/wp-content\/uploads\/2024\/08\/Abrasan-Logo2_dar_preview_rev_1.png\",\"width\":358,\"height\":320,\"caption\":\"Abrasan A.\u015e.\"},\"image\":{\"@id\":\"https:\/\/www.abrasan.com.tr\/#\/schema\/logo\/image\/\"},\"sameAs\":[\"https:\/\/maps.app.goo.gl\/1SeEmbyreLxx5mQ59\"]}]}<\/script>\n<!-- \/ Yoast SEO plugin. -->","yoast_head_json":{"title":"\u00dcR\u00dcNLER\u0130M\u0130Z - Abrasan","robots":{"index":"index","follow":"follow","max-snippet":"max-snippet:-1","max-image-preview":"max-image-preview:large","max-video-preview":"max-video-preview:-1"},"canonical":"https:\/\/www.abrasan.com.tr\/index.php\/urunler\/","og_locale":"tr_TR","og_type":"article","og_title":"\u00dcR\u00dcNLER\u0130M\u0130Z - Abrasan","og_description":"KES\u0130C\u0130 TA\u015eLAR TA\u015eLAMA TA\u015eLARI FLAP D\u0130SKLER","og_url":"https:\/\/www.abrasan.com.tr\/index.php\/urunler\/","og_site_name":"Abrasan","article_modified_time":"2025-08-11T11:09:29+00:00","og_image":[{"width":1024,"height":1024,"url":"https:\/\/www.abrasan.com.tr\/wp-content\/uploads\/2024\/11\/inox-metal-kesme-115x1-YENI-4-1024x1024.jpg","type":"image\/jpeg"}],"twitter_card":"summary_large_image","twitter_misc":{"Tahmini okuma s\u00fcresi":"2 dakika"},"schema":{"@context":"https:\/\/schema.org","@graph":[{"@type":"WebPage","@id":"https:\/\/www.abrasan.com.tr\/index.php\/urunler\/","url":"https:\/\/www.abrasan.com.tr\/index.php\/urunler\/","name":"\u00dcR\u00dcNLER\u0130M\u0130Z - Abrasan","isPartOf":{"@id":"https:\/\/www.abrasan.com.tr\/#website"},"primaryImageOfPage":{"@id":"https:\/\/www.abrasan.com.tr\/index.php\/urunler\/#primaryimage"},"image":{"@id":"https:\/\/www.abrasan.com.tr\/index.php\/urunler\/#primaryimage"},"thumbnailUrl":"https:\/\/www.abrasan.com.tr\/wp-content\/uploads\/2024\/11\/inox-metal-kesme-115x1-YENI-4-1024x1024.jpg","datePublished":"2024-09-08T21:55:01+00:00","dateModified":"2025-08-11T11:09:29+00:00","breadcrumb":{"@id":"https:\/\/www.abrasan.com.tr\/index.php\/urunler\/#breadcrumb"},"inLanguage":"tr","potentialAction":[{"@type":"ReadAction","target":["https:\/\/www.abrasan.com.tr\/index.php\/urunler\/"]}]},{"@type":"ImageObject","inLanguage":"tr","@id":"https:\/\/www.abrasan.com.tr\/index.php\/urunler\/#primaryimage","url":"https:\/\/www.abrasan.com.tr\/wp-content\/uploads\/2024\/11\/inox-metal-kesme-115x1-YENI-4-scaled.jpg","contentUrl":"https:\/\/www.abrasan.com.tr\/wp-content\/uploads\/2024\/11\/inox-metal-kesme-115x1-YENI-4-scaled.jpg","width":2560,"height":2560,"caption":"115x1.0 Bering"},{"@type":"BreadcrumbList","@id":"https:\/\/www.abrasan.com.tr\/index.php\/urunler\/#breadcrumb","itemListElement":[{"@type":"ListItem","position":1,"name":"Anasayfa","item":"https:\/\/www.abrasan.com.tr\/"},{"@type":"ListItem","position":2,"name":"\u00dcR\u00dcNLER\u0130M\u0130Z"}]},{"@type":"WebSite","@id":"https:\/\/www.abrasan.com.tr\/#website","url":"https:\/\/www.abrasan.com.tr\/","name":"Abrasan","description":"Abrasive Tools","publisher":{"@id":"https:\/\/www.abrasan.com.tr\/#organization"},"potentialAction":[{"@type":"SearchAction","target":{"@type":"EntryPoint","urlTemplate":"https:\/\/www.abrasan.com.tr\/?s={search_term_string}"},"query-input":{"@type":"PropertyValueSpecification","valueRequired":true,"valueName":"search_term_string"}}],"inLanguage":"tr"},{"@type":"Organization","@id":"https:\/\/www.abrasan.com.tr\/#organization","name":"Abrasan A.\u015e.","url":"https:\/\/www.abrasan.com.tr\/","logo":{"@type":"ImageObject","inLanguage":"tr","@id":"https:\/\/www.abrasan.com.tr\/#\/schema\/logo\/image\/","url":"https:\/\/www.abrasan.com.tr\/wp-content\/uploads\/2024\/08\/Abrasan-Logo2_dar_preview_rev_1.png","contentUrl":"https:\/\/www.abrasan.com.tr\/wp-content\/uploads\/2024\/08\/Abrasan-Logo2_dar_preview_rev_1.png","width":358,"height":320,"caption":"Abrasan A.\u015e."},"image":{"@id":"https:\/\/www.abrasan.com.tr\/#\/schema\/logo\/image\/"},"sameAs":["https:\/\/maps.app.goo.gl\/1SeEmbyreLxx5mQ59"]}]}},"_links":{"self":[{"href":"https:\/\/www.abrasan.com.tr\/index.php\/wp-json\/wp\/v2\/pages\/47","targetHints":{"allow":["GET"]}}],"collection":[{"href":"https:\/\/www.abrasan.com.tr\/index.php\/wp-json\/wp\/v2\/pages"}],"about":[{"href":"https:\/\/www.abrasan.com.tr\/index.php\/wp-json\/wp\/v2\/types\/page"}],"author":[{"embeddable":true,"href":"https:\/\/www.abrasan.com.tr\/index.php\/wp-json\/wp\/v2\/users\/1"}],"replies":[{"embeddable":true,"href":"https:\/\/www.abrasan.com.tr\/index.php\/wp-json\/wp\/v2\/comments?post=47"}],"version-history":[{"count":4,"href":"https:\/\/www.abrasan.com.tr\/index.php\/wp-json\/wp\/v2\/pages\/47\/revisions"}],"predecessor-version":[{"id":165,"href":"https:\/\/www.abrasan.com.tr\/index.php\/wp-json\/wp\/v2\/pages\/47\/revisions\/165"}],"wp:attachment":[{"href":"https:\/\/www.abrasan.com.tr\/index.php\/wp-json\/wp\/v2\/media?parent=47"}],"curies":[{"name":"wp","href":"https:\/\/api.w.org\/{rel}","templated":true}]}}